{"id":5861,"date":"2022-02-04T09:17:21","date_gmt":"2022-02-04T08:17:21","guid":{"rendered":"https:\/\/www.aiman.com\/privacy-policy\/"},"modified":"2023-04-17T15:56:03","modified_gmt":"2023-04-17T13:56:03","slug":"privacy-policy","status":"publish","type":"page","link":"https:\/\/www.aiman.com\/en\/privacy-policy\/","title":{"rendered":"Privacy policy"},"content":{"rendered":"\n<style type=\"text\/css\" data-created_by=\"avia_inline_auto\" id=\"style-css-av-6d7h-d35b8b34e73cf69f99c69a4e4dab82fb\">\n.avia-section.av-6d7h-d35b8b34e73cf69f99c69a4e4dab82fb{\nbackground-color:#10477c;\nbackground-image:unset;\n}\n<\/style>\n<div id='av_section_1'  class='avia-section av-6d7h-d35b8b34e73cf69f99c69a4e4dab82fb main_color avia-section-default avia-no-border-styling  avia-builder-el-0  el_before_av_section  avia-builder-el-first  avia-bg-style-scroll container_wrap sidebar_right'  ><div class='container av-section-cont-open' ><main  role=\"main\" itemprop=\"mainContentOfPage\"  class='template-page content  av-content-small alpha units'><div class='post-entry post-entry-type-page post-entry-5861'><div class='entry-content-wrapper clearfix'>\n<div  class='flex_column av-3c2b-ef7a407d4efbce20b8ebc8d214de2647 av_one_full  avia-builder-el-1  avia-builder-el-no-sibling  first flex_column_div  '     ><style type=\"text\/css\" data-created_by=\"avia_inline_auto\" id=\"style-css-av-l1kl12wt-6cbbe5bd746cc7203c02f1c45b480d15\">\n#top .av-special-heading.av-l1kl12wt-6cbbe5bd746cc7203c02f1c45b480d15{\npadding-bottom:10px;\ncolor:#ffffff;\n}\nbody .av-special-heading.av-l1kl12wt-6cbbe5bd746cc7203c02f1c45b480d15 .av-special-heading-tag .heading-char{\nfont-size:25px;\n}\n.av-special-heading.av-l1kl12wt-6cbbe5bd746cc7203c02f1c45b480d15 .special-heading-inner-border{\nborder-color:#ffffff;\n}\n.av-special-heading.av-l1kl12wt-6cbbe5bd746cc7203c02f1c45b480d15 .av-subheading{\nfont-size:10px;\n}\n<\/style>\n<div  class='av-special-heading av-l1kl12wt-6cbbe5bd746cc7203c02f1c45b480d15 av-special-heading-h1 custom-color-heading blockquote modern-quote  avia-builder-el-2  avia-builder-el-no-sibling  av-linked-heading'><h1 class='av-special-heading-tag '  itemprop=\"headline\"  >Privacy <span class='special_amp'>&amp;<\/span> Cookies Policy<\/h1><div class=\"special-heading-border\"><div class=\"special-heading-inner-border\"><\/div><\/div><\/div><\/div>\n\n<\/div><\/div><\/main><!-- close content main element --><\/div><\/div>\n<style type=\"text\/css\" data-created_by=\"avia_inline_auto\" id=\"style-css-av-7kxx-3b3a032b592dbd37385cef5dc866df54\">\n.avia-section.av-7kxx-3b3a032b592dbd37385cef5dc866df54{\nbackground-color:#ffffff;\nbackground:linear-gradient( to bottom, #ffffff, #ffffff );\n}\n<\/style>\n<div id='av_section_2'  class='avia-section av-7kxx-3b3a032b592dbd37385cef5dc866df54 main_color avia-section-default avia-no-border-styling  avia-builder-el-3  el_after_av_section  avia-builder-el-last  avia-bg-style-scroll container_wrap sidebar_right'  ><div class='container av-section-cont-open' ><div class='template-page content  av-content-small alpha units'><div class='post-entry post-entry-type-page post-entry-5861'><div class='entry-content-wrapper clearfix'>\n\n<style type=\"text\/css\" data-created_by=\"avia_inline_auto\" id=\"style-css-av-2jt3-fbadd0b23674ab2713e643375c488634\">\n#top .flex_column.av-2jt3-fbadd0b23674ab2713e643375c488634{\nmargin-top:0px;\nmargin-bottom:0px;\n}\n.responsive #top #wrap_all .flex_column.av-2jt3-fbadd0b23674ab2713e643375c488634{\nmargin-top:0px;\nmargin-bottom:0px;\n}\n<\/style>\n<div  class='flex_column av-2jt3-fbadd0b23674ab2713e643375c488634 av_one_full  avia-builder-el-4  avia-builder-el-no-sibling  first flex_column_div  '     ><section  class='av_textblock_section av-kzmhsv96-784c892296365ade0bfaa37547fafca6 '   itemscope=\"itemscope\" itemtype=\"https:\/\/schema.org\/CreativeWork\" ><div class='avia_textblock'  itemprop=\"text\" ><p><b>Informativa trattamento dei dati personali<br \/>\n(ai sensi degli articoli 13 e 14 del Regolamento UE GDPR 679\/2016)<\/b><br \/>\nA.I.MAN. &#8211; Associazione Italiana Manutenzione, in qualit\u00e1 di titolare del trattamento dei dati personali ai sensi degli artt.13 e 14 del Regolamento UE 679\/2016 \u2013 Regolamento Generale sulla Protezione dei Dati (GDPR), in ottemperanza agli obblighi dettati dal legislatore a tutela della privacy, con la presente desidera informarla in via preventiva, tanto dell\u2019uso dei suoi dati personali, quanto dei suoi diritti, comunicando quanto segue<\/p>\n<p><b>A) TITOLARE ED ALTRI SOGGETTI RESPONSABILI<\/b><br \/>\nTitolare del trattamento \u00e9 A.I.MAN. \u2013 Associazione Italiana Manutenzione, C.F. 97014270157, P.I. 03990840963, con sede legale in Via Bertelli 16 &#8211; 20127 Milano (MI) e sede operativa in Viale Fulvio Testi 128 &#8211; 20092 Cinisello Balsamo (MI).<\/p>\n<p><b>B) I DATI PERSONALI OGGETTO DI TRATTAMENTO<\/b><br \/>\nI dati oggetto di trattamento sono personali non particolari (identificativi, contabili, finanziari, ecc.) \u2013 Si tratta dei nominativi e relativi indirizzi email e\/o postali dell\u2019associato\/interessato che ne ha permesso la raccolta all\u2019atto della registrazione, previa presa visione della presente informativa.<br \/>\nLa durata del trattamento \u00e9 illimitata nel tempo fino ad eventuale ordine di cancellazione da parte dell\u2019interessato. La presente informativa sulla Privacy si applica ai dati personali raccolti attraverso sue comunicazioni\/richieste telefoniche, e-mail o fax, incontri con il nostro personale presso nostra\/Sua sede, visite in occasione di incontri e\/o convegni, Sue richieste di contatto telefoniche o via mail e visite al nostro sito Internet. Tramite il processo volontario di registrazione in occasione di eventi e\/o convegni, A.I.MAN. raccoglie dati personali quali: nome, cognome, azienda di appartenenza, indirizzo postale e\/o di posta elettronica, ecc. Tramite il proprio sito Internet, A.I.MAN. raccoglie informazioni raggruppate a mero scopo statistico durante il processo di consultazione del sito, altre informazioni fornite volontariamente dall\u2019utente attraverso le procedure di registrazione on-line o la compilazione di appositi campi, moduli, informazioni finalizzate a migliorare e facilitare la navigazione del sito.<br \/>\nOltre ai dati personali dell\u2019associato\/interessato, si intendono trattabili i dati forniti dall\u2019associato, di tipo personale ma riferibili a terzi individui (ad esempio il nominativo o l\u2019email del coniuge, dell\u2019azienda, ecc.). Rispetto a questi dati, l\u2019interessato si pone come autonomo titolare del trattamento, ossia assumendosi tutti gli obblighi e le responsabilit\u00e1 di legge, conferendo sul punto la pi\u00f9 ampia manleva rispetto ad ogni contestazione, pretesa, richiesta di risarcimento del danno da trattamento, ecc. che dovesse pervenirci da soggetti terzi i cui dati personali siano stati trattati in violazione delle norme sulla tutela dei dati personali applicabili. In ogni caso, qualora l\u2019interessato conferisca dati personali di terzi, garantisce fin da ora, assumendosi ogni responsabilit\u00e1 connessa, che tale particolare ipotesi si fonda su un\u2019idonea base giuridica che legittima il trattamento da parte nostra delle informazioni in questione.<\/p>\n<p><b>C) FINALIT\u00c1, BASE GIURIDICA E NATURA OBBLIGATORIA O FACOLTATIVA DEL TRATTAMENTO<\/b><br \/>\nLa fonte dei dati di cui al punto b) \u00e9 l\u2019associato\/interessato.<br \/>\nFinalit\u00e1 Principale: I dati raccolti al momento della registrazione possono essere utilizzati per finalit\u00e1 strettamente connesse e strumentali all\u2019instaurazione e gestione del rapporto con A.I.MAN. e allo svolgimento dell\u2019attivit\u00e1 della medesima associazione al fine di consentire all\u2019interessato di fruire di servizi personalizzati e di accedere a prodotti e servizi presenti sul sito dell\u2019associazione www.aiman.com, di seguito \u201cil sito\u201d). Il conferimento di tali dati personali non particolari non ha carattere obbligatorio ma l\u2019eventuale rifiuto a fornirli impedisce, in relazione al rapporto tra il dato e i servizi richiesti, l\u2019esecuzione delle nostre prestazioni.<br \/>\nQualora tali dati vengano forniti, il loro trattamento non richiede il consenso da parte dell\u2019interessato.<br \/>\nI dati possono essere utilizzati per finalit\u00e1 funzionali all\u2019attivit\u00e1 di A.I.MAN., quali a titolo meramente esemplificativo a) rilevazione del grado di soddisfazione sulla qualit\u00e1 dei servizi offerti, b) finalit\u00e1 di informazione e promozione commerciale e nuove iniziative, c) finalit\u00e1 di marketing quali l\u2019elaborazione di indagini di mercato d) invio di newsletter.<\/p>\n<p>Per quanto riguarda la registrazione ad Eventi di cui A.I.MAN. \u00e8 organizzatrice o co-organizzatrice, i dati da Voi forniti attraverso la compilazione dei form di registrazione saranno trattati manualmente ed elettronicamente. I dati potranno essere comunicati a societ\u00e0 sponsor\/partner dei suddetti Eventi ed essere utilizzati per fini statistici e azioni informative commerciali. L\u2019interessata\/o con la compilazione e l\u2019invio del form di registrazione, esprime il consenso al trattamento indicato e potr\u00e0 in ogni momento richiedere di esercitare i suoi diritti di cui agli articoli da 15 a 22 del GDPR come la rettifica o la cancellazione dal nostro archivio elettronico o manuale, comunicandolo via email ad <a href=\"mailto:aiman@aiman.com\">aiman@aiman.com<\/a><\/p>\n<p>Il conferimento di predetti dati personali necessari per le citate finalit\u00e0 non ha carattere obbligatorio. Per tali dati tuttavia, viene esplicitamente richiesto il consenso da parte dell\u2019interessato.<br \/>\nL\u2019interessato potr\u00e1 richiedere in qualunque momento di interrompere l\u2019invio di informative, proposte e\/o offerte semplicemente richiedendone la cancellazione alla Segreteria A.I.MAN.<br \/>\nBase Giuridica: l\u2019interessato ha espresso il consenso al trattamento dei propri dati personali per una o pi\u00f9 specifiche finalit\u00e1.<\/p>\n<p><b>D) DESTINATARI<\/b><br \/>\nEsclusivamente per le finalit\u00e0 sopra indicate, i dati saranno resi conoscibili, oltre che alle unit\u00e0 di personale interno al riguardo competenti, anche a collaboratori esterni incaricati del loro trattamento il cui elenco \u00e9 disponibile presso la sede del titolare. I suoi dati non verranno da noi \u201cdiffusi\u201d, con tale termine intendendosi il darne conoscenza a soggetti indeterminati in qualunque modo, anche mediante la loro messa a disposizione o consultazione. A.I.MAN., inoltre, gestisce le informazioni contenute sul proprio sito web in collaborazione con altri service provider e web agencies, dai quali pu\u00f2 ricevere dati personali relativi agli utenti di tali informazioni. Queste collaborazioni on-line sono regolate da appositi contratti che presuppongono un adeguato livello di protezione dei dati personali trattati. A.I.MAN. non ceder\u00e1 in alcun caso, a titolo oneroso o gratuito, i dati personali dei propri utenti a terze parti.<\/p>\n<p><b>E) TRASFERIMENTI<\/b><br \/>\nNon sono presenti trasferimenti di Dati Personali a Destinatari fuori dall\u2019Unione Europea.<\/p>\n<p><b>F) CONSERVAZIONE DEI DATI<\/b><br \/>\nTutti i dati personali conferiti saranno trattati nel rispetto dei principi di liceit\u00e1, correttezza, pertinenza e proporzionalit\u00e1, solo con le modalit\u00e1, anche informatiche e telematiche, strettamente necessarie per perseguire le finalit\u00e1 sopra descritte. In ogni caso, i dati personali saranno conservati per un periodo di tempo non superiore a quello strettamente necessario al conseguimento delle finalit\u00e1 indicate. I dati personali dei quali non \u00e9 necessaria la conservazione o per cui la conservazione non sia prevista dalla vigente normativa, in relazione agli scopi indicati, saranno cancellati o trasformati in forma anonima. Si evidenzia che i sistemi informativi impiegati per la gestione delle informazioni raccolte sono configurati, gi\u00e1 in origine, in modo da minimizzare l\u2019utilizzo dei dati.<br \/>\nA.I.MAN. garantisce che i trattamenti mediante strumenti elettronici sono effettuati riducendo al minimo l\u2019utilizzazione di dati personali e di dati identificativi, limitandone il ricorso ai casi in cui sono strettamente necessari per il conseguimento degli scopi per i quali sono stati raccolti. A.I.MAN. garantisce altres\u00ec l\u2019adozione e l\u2019osservanza di specifiche misure di sicurezza per prevenire la perdita dei dati, eventuali usi illeciti o non corretti degli stessi ed accessi non autorizzati. I dati dell\u2019utente saranno archiviati da A.I.MAN. fino ad eventuale ordine di cancellazione da parte dell\u2019interessato.<\/p>\n<p><b>G) NORMATIVA SUI COOKIES<\/b><br \/>\nIl presente sito fa uso di cookies, piccoli file di testo che consentono di conservare informazioni sulle preferenze dei visitatori, per migliorare le funzionalit\u00e1 del sito, per semplificarne la navigazione automatizzando le procedure e per l\u2019analisi dell\u2019uso del sito.<br \/>\nI cookie di sessione sono essenziali per poter distinguere tra gli utenti collegati, e sono utili per evitare che una funzionalit\u00e1 richiesta possa essere fornita all\u2019utente sbagliato, nonch\u00e9 a fini di sicurezza per impedire attacchi informatici al sito. I cookie di sessione non contengono dati personali e durano per la sola sessione in corso, cio\u00e9 fino alla chiusura del browser. Per essi non occorre consenso.<br \/>\nI cookie di funzionalit\u00e1 utilizzati dal sito sono strettamente necessari per l\u2019uso del sito, in particolare sono collegati ad una espressa richiesta di funzionalit\u00e1 da parte dell\u2019utente (come il login), per i quali non occorre alcun consenso.<br \/>\nUtilizzando il sito il visitatore acconsente espressamente all\u2019uso dei cookies.<br \/>\n<u>Disabilitazione cookie<\/u><br \/>\nI cookies sono collegati al browser utilizzato e possono essere disabilitati direttamente tramite il browser, cos\u00ec rifiutando\/revocando il consenso all\u2019uso dei cookies. Occorre tenere presente che la disabilitazione dei cookies potrebbe impedire il corretto utilizzo di alcune funzioni del sito stesso.<br \/>\nLe istruzioni per la disabilitazione dei cookies si trovano alle seguenti pagine web:<br \/>\n&#8211; Google Chrome: <a href=\"http:\/\/support.google.com\/chrome\/bin\/answer.py?hl=it&amp;answer=95647\" target=\"_blank\" rel=\"noopener\">http:\/\/support.google.com\/chrome\/bin\/answer.py?hl=it&amp;answer=95647<\/a><br \/>\n&#8211; Mozilla Firefox: <a href=\"http:\/\/support.mozilla.org\/it\/kb\/Attivare%20e%20disattivare%20i%20cookie\" target=\"_blank\" rel=\"noopener\">http:\/\/support.mozilla.org\/it\/kb\/Attivare%20e%20disattivare%20i%20cookie<\/a><br \/>\n&#8211; Windows Internet Explorer: <a href=\"http:\/\/windows.microsoft.com\/it-IT\/windows7\/Block-enable-or-allow-cookies\" target=\"_blank\" rel=\"noopener\">http:\/\/windows.microsoft.com\/it-IT\/windows7\/Block-enable-or-allow-cookies<\/a><br \/>\n&#8211; Opera: <a href=\"http:\/\/help.opera.com\/Windows\/10.00\/it\/cookies.html\" target=\"_blank\" rel=\"noopener\">http:\/\/help.opera.com\/Windows\/10.00\/it\/cookies.html<\/a><br \/>\n&#8211; Apple Safari: <a href=\"https:\/\/support.apple.com\/it-it\/HT201265\" target=\"_blank\" rel=\"noopener\">https:\/\/support.apple.com\/it-it\/HT201265<\/a><br \/>\n<u>Cookies di terze parti<\/u><br \/>\nIl presente sito funge anche da intermediario per cookies di terze parti, utilizzati per poter fornire ulteriori servizi e funzionalit\u00e1 ai visitatori e per migliorare l\u2019uso del sito stesso, come i pulsanti per i social. La presente privacy policy non si applica ai servizi forniti da terze parti, e questo sito non ha alcun controllo sui loro cookies, interamente gestiti dalle terze parti. Il contratto di cessione dati avviene direttamente tra l\u2019utente\/visitatore e le terze parti, per cui l\u2019acquisizione del consenso per detti cookies \u00e9, ovviamente, a carico delle terze parti, mentre questo sito non partecipa in alcun modo a tale cessione.<br \/>\nIn conseguenza di ci\u00f2 le informazioni sull\u2019uso dei detti cookies e sulle finalit\u00e1 degli stessi, nonch\u00e9 sulle modalit\u00e1 per l\u2019eventuale disabilitazione, sono fornite direttamente dalle terze parti alle pagine qui sotto indicate.<br \/>\nIn particolare il presente sito utilizza cookies delle seguenti terze parti:<br \/>\n\u2013 Google (Google Analytics cookie): Google Analytics \u00e9 uno strumento di analisi di Google che attraverso l\u2019uso di cookies (performance cookies), raccoglie dati di navigazione anonimi allo scopo di esaminare l\u2019uso del sito da parte degli utenti, compilare report sulle attivit\u00e1 nel sito e fornire altre informazioni, compreso il numero dei visitatori e le pagine visitate. Google pu\u00f2 anche trasferire queste informazioni a terzi ove ci\u00f2 sia imposto dalla legge o laddove tali terzi trattino le suddette informazioni per conto di Google. I cookie di Google Analytics possono essere usati altres\u00ec per mostrare risultati pi\u00f9 pertinenti nelle propriet\u00e1 di Google (come la ricerca Google). Google non assocer\u00e1 l\u2019indirizzo IP a nessun altro dato posseduto da Google. I dati trasmessi a Google sono depositati presso i server di Google negli Stati Uniti.<br \/>\n\u2013 Google (Youtube cookie). Youtube \u00e9 una piattaforma di propriet\u00e1 di Google, per la condivisione di video, che utilizza cookie per raccogliere informazioni degli utenti e dei dispositivi di navigazione. Per ulteriori informazioni sull\u2019uso dei dati e sul loro trattamento da parte di Google si raccomanda di prendere visione delle informazioni al seguente indirizzo Internet: <a href=\"http:\/\/www.google.com\/intl\/it\/policies\/privacy\/\" target=\"_blank\" rel=\"noopener\">http:\/\/www.google.com\/intl\/it\/policies\/privacy\/<\/a> Ulteriori informazioni sui cookies di Google Analytics si trovano alla seguente pagina: <a href=\"https:\/\/developers.google.com\/analytics\/devguides\/collection\/analyticsjs\/cookie-usage\" target=\"_blank\" rel=\"noopener\">https:\/\/developers.google.com\/analytics\/devguides\/collection\/analyticsjs\/cookie-usage<\/a>. L\u2019utente pu\u00f2 disabilitare in modo selettivo l\u2019azione di Google Analytics installando sul proprio browser l\u2019apposito componente fornito da Google (opt out). Per disabilitare la raccolta di dati da parte di Google Analytics, si rinvia al link di seguito indicato: https:\/\/tools.google.com\/dlpage\/gaoptout. Questo sito incorpora anche plugin e\/o bottoni per i social network, al fine di consentire una facile condivisione dei contenuti sui vostri social network preferiti. Tali plugin non impostano un cookie, ma se esso \u00e9 gi\u00e1 presente sul computer del visitatore sono in grado di leggerlo ed utilizzarlo secondo le sue impostazioni. La raccolta e l\u2019uso delle informazioni da parte di tali terzi sono regolati dalle rispettive informative privacy alle quali si prega di fare riferimento.<br \/>\n\u2013 Facebook: https:\/\/www.facebook.com\/about\/privacy\/ (link informativa cookie: <a href=\"https:\/\/www.facebook.com\/help\/cookies\/\" target=\"_blank\" rel=\"noopener\">https:\/\/www.facebook.com\/help\/cookies\/<\/a>)<br \/>\n\u2013 Twitter: https:\/\/twitter.com\/privacy?lang=it (link informativa cookie: <a href=\"https:\/\/support.twitter.com\/articles\/20170519-uso-dei-cookie-e-di-altre-tecnologie-simili-da-parte-di-twitter\" target=\"_blank\" rel=\"noopener\">https:\/\/support.twitter.com\/articles\/20170519-uso-dei-cookie-e-di-altre-tecnologie-simili-da-parte-di-twitter<\/a>)<br \/>\n\u2013 Google+: http:\/\/www.google.com\/intl\/it\/policies\/privacy\/ (link informativa cookie: <a href=\"http:\/\/www.google.it\/intl\/it\/policies\/technologies\/cookies\/\" target=\"_blank\" rel=\"noopener\">http:\/\/www.google.it\/intl\/it\/policies\/technologies\/cookies\/<\/a>).<\/p>\n<p><b>H) I SUOI DIRITTI<\/b><br \/>\nSi rammenta che l\u2019interessato ha diritto di accedere in ogni momento ai dati che lo riguardano, rivolgendo la sua richiesta al nostro responsabile del trattamento designato per il riscontro, utilizzando i recapiti di seguito indicati:<br \/>\nTitolare del trattamento \u2013 A.I.MAN. Associazione Italiana Manutenzione \u2013 con sede legale in Via Bertelli 16 &#8211; 20127 Milano (MI) e sede operativa in Viale Fulvio Testi 128 &#8211; 20092 Cinisello Balsamo (MI) \u2013 Tel. 02\/76020445 &#8211; aiman@aiman.com.<br \/>\nAllo stesso modo pu\u00f2 esercitare, riguardo al trattamento in oggetto, i seguenti diritti: Informazione, Accesso ai dati, Rettifica dei dati, Cancellazione dei dati, Limitazione del trattamento, Portabilit\u00e1 dei dati, Proporre reclamo ad autorit\u00e1 di controllo, Revoca del consenso.<br \/>\nQuest\u2019ultima fattispecie, ovvero l\u2019eventuale rifiuto da parte dell\u2019interessato di conferire i dati personali di cui al punto b), comporter\u00e1 l\u2019impossibilit\u00e1 di ricevere newsletter di carattere informativo da parte dell\u2019Associazione.<\/p>\n<\/div><\/section><\/div><\/div><\/div><\/div><!-- close content main div --><\/div><\/div><div id='after_section_2'  class='main_color av_default_container_wrap container_wrap sidebar_right'  ><div class='container av-section-cont-open' ><div class='template-page content  av-content-small alpha units'><div class='post-entry post-entry-type-page post-entry-5861'><div class='entry-content-wrapper clearfix'>\n","protected":false},"excerpt":{"rendered":"","protected":false},"author":1,"featured_media":0,"parent":0,"menu_order":0,"comment_status":"closed","ping_status":"open","template":"","meta":{"footnotes":""},"class_list":["post-5861","page","type-page","status-publish","hentry"],"yoast_head":"<!-- This site is optimized with the Yoast SEO plugin v26.8 - https:\/\/yoast.com\/product\/yoast-seo-wordpress\/ -->\n<title>Privacy policy - AIMAN - Associazione Italiana Manutenzione<\/title>\n<meta name=\"robots\" content=\"index, follow, max-snippet:-1, max-image-preview:large, max-video-preview:-1\" \/>\n<link rel=\"canonical\" href=\"https:\/\/www.aiman.com\/en\/privacy-policy\/\" \/>\n<meta property=\"og:locale\" content=\"en_US\" \/>\n<meta property=\"og:type\" content=\"article\" \/>\n<meta property=\"og:title\" content=\"Privacy policy - AIMAN - Associazione Italiana Manutenzione\" \/>\n<meta property=\"og:url\" content=\"https:\/\/www.aiman.com\/en\/privacy-policy\/\" \/>\n<meta property=\"og:site_name\" content=\"AIMAN - Associazione Italiana Manutenzione\" \/>\n<meta property=\"article:modified_time\" content=\"2023-04-17T13:56:03+00:00\" \/>\n<meta name=\"twitter:card\" content=\"summary_large_image\" \/>\n<meta name=\"twitter:label1\" content=\"Est. reading time\" \/>\n\t<meta name=\"twitter:data1\" content=\"16 minutes\" \/>\n<script type=\"application\/ld+json\" class=\"yoast-schema-graph\">{\"@context\":\"https:\/\/schema.org\",\"@graph\":[{\"@type\":\"WebPage\",\"@id\":\"https:\/\/www.aiman.com\/en\/privacy-policy\/\",\"url\":\"https:\/\/www.aiman.com\/en\/privacy-policy\/\",\"name\":\"Privacy policy - AIMAN - Associazione Italiana Manutenzione\",\"isPartOf\":{\"@id\":\"https:\/\/www.aiman.com\/en\/#website\"},\"datePublished\":\"2022-02-04T08:17:21+00:00\",\"dateModified\":\"2023-04-17T13:56:03+00:00\",\"breadcrumb\":{\"@id\":\"https:\/\/www.aiman.com\/en\/privacy-policy\/#breadcrumb\"},\"inLanguage\":\"en-US\",\"potentialAction\":[{\"@type\":\"ReadAction\",\"target\":[\"https:\/\/www.aiman.com\/en\/privacy-policy\/\"]}]},{\"@type\":\"BreadcrumbList\",\"@id\":\"https:\/\/www.aiman.com\/en\/privacy-policy\/#breadcrumb\",\"itemListElement\":[{\"@type\":\"ListItem\",\"position\":1,\"name\":\"Home\",\"item\":\"https:\/\/www.aiman.com\/en\/\"},{\"@type\":\"ListItem\",\"position\":2,\"name\":\"Privacy policy\"}]},{\"@type\":\"WebSite\",\"@id\":\"https:\/\/www.aiman.com\/en\/#website\",\"url\":\"https:\/\/www.aiman.com\/en\/\",\"name\":\"AIMAN - Associazione Italiana Manutenzione\",\"description\":\"Associazione Italiana Manutenzione\",\"potentialAction\":[{\"@type\":\"SearchAction\",\"target\":{\"@type\":\"EntryPoint\",\"urlTemplate\":\"https:\/\/www.aiman.com\/en\/?s={search_term_string}\"},\"query-input\":{\"@type\":\"PropertyValueSpecification\",\"valueRequired\":true,\"valueName\":\"search_term_string\"}}],\"inLanguage\":\"en-US\"}]}<\/script>\n<!-- \/ Yoast SEO plugin. -->","yoast_head_json":{"title":"Privacy policy - AIMAN - Associazione Italiana Manutenzione","robots":{"index":"index","follow":"follow","max-snippet":"max-snippet:-1","max-image-preview":"max-image-preview:large","max-video-preview":"max-video-preview:-1"},"canonical":"https:\/\/www.aiman.com\/en\/privacy-policy\/","og_locale":"en_US","og_type":"article","og_title":"Privacy policy - AIMAN - Associazione Italiana Manutenzione","og_url":"https:\/\/www.aiman.com\/en\/privacy-policy\/","og_site_name":"AIMAN - Associazione Italiana Manutenzione","article_modified_time":"2023-04-17T13:56:03+00:00","twitter_card":"summary_large_image","twitter_misc":{"Est. reading time":"16 minutes"},"schema":{"@context":"https:\/\/schema.org","@graph":[{"@type":"WebPage","@id":"https:\/\/www.aiman.com\/en\/privacy-policy\/","url":"https:\/\/www.aiman.com\/en\/privacy-policy\/","name":"Privacy policy - AIMAN - Associazione Italiana Manutenzione","isPartOf":{"@id":"https:\/\/www.aiman.com\/en\/#website"},"datePublished":"2022-02-04T08:17:21+00:00","dateModified":"2023-04-17T13:56:03+00:00","breadcrumb":{"@id":"https:\/\/www.aiman.com\/en\/privacy-policy\/#breadcrumb"},"inLanguage":"en-US","potentialAction":[{"@type":"ReadAction","target":["https:\/\/www.aiman.com\/en\/privacy-policy\/"]}]},{"@type":"BreadcrumbList","@id":"https:\/\/www.aiman.com\/en\/privacy-policy\/#breadcrumb","itemListElement":[{"@type":"ListItem","position":1,"name":"Home","item":"https:\/\/www.aiman.com\/en\/"},{"@type":"ListItem","position":2,"name":"Privacy policy"}]},{"@type":"WebSite","@id":"https:\/\/www.aiman.com\/en\/#website","url":"https:\/\/www.aiman.com\/en\/","name":"AIMAN - Associazione Italiana Manutenzione","description":"Associazione Italiana Manutenzione","potentialAction":[{"@type":"SearchAction","target":{"@type":"EntryPoint","urlTemplate":"https:\/\/www.aiman.com\/en\/?s={search_term_string}"},"query-input":{"@type":"PropertyValueSpecification","valueRequired":true,"valueName":"search_term_string"}}],"inLanguage":"en-US"}]}},"_links":{"self":[{"href":"https:\/\/www.aiman.com\/en\/wp-json\/wp\/v2\/pages\/5861","targetHints":{"allow":["GET"]}}],"collection":[{"href":"https:\/\/www.aiman.com\/en\/wp-json\/wp\/v2\/pages"}],"about":[{"href":"https:\/\/www.aiman.com\/en\/wp-json\/wp\/v2\/types\/page"}],"author":[{"embeddable":true,"href":"https:\/\/www.aiman.com\/en\/wp-json\/wp\/v2\/users\/1"}],"replies":[{"embeddable":true,"href":"https:\/\/www.aiman.com\/en\/wp-json\/wp\/v2\/comments?post=5861"}],"version-history":[{"count":5,"href":"https:\/\/www.aiman.com\/en\/wp-json\/wp\/v2\/pages\/5861\/revisions"}],"predecessor-version":[{"id":5869,"href":"https:\/\/www.aiman.com\/en\/wp-json\/wp\/v2\/pages\/5861\/revisions\/5869"}],"wp:attachment":[{"href":"https:\/\/www.aiman.com\/en\/wp-json\/wp\/v2\/media?parent=5861"}],"curies":[{"name":"wp","href":"https:\/\/api.w.org\/{rel}","templated":true}]}}